{"id":2042,"date":"2023-02-02T13:07:56","date_gmt":"2023-02-02T12:07:56","guid":{"rendered":"\/home\/zeglarst\/domains\/klubzeglarski.sopot.pl\/kursy\/public_html\/kursy\/?post_type=product&#038;p=2042"},"modified":"2025-03-06T11:51:23","modified_gmt":"2025-03-06T10:51:23","slug":"kursy-doszkalajace","status":"publish","type":"product","link":"https:\/\/klubzeglarski.sopot.pl\/kursy\/oferta\/kursy-motorowodne\/kursy-doszkalajace\/","title":{"rendered":"Kursy doszkalaj\u0105ce"},"content":{"rendered":"\t\t<div data-elementor-type=\"product-post\" data-elementor-id=\"2042\" class=\"elementor elementor-2042\" data-elementor-post-type=\"product\">\n\t\t\t\t<div class=\"elementor-element elementor-element-a4f53bb e-flex e-con-boxed e-con e-parent\" data-id=\"a4f53bb\" data-element_type=\"container\" data-e-type=\"container\">\n\t\t\t\t\t<div class=\"e-con-inner\">\n\t\t\t\t<div class=\"elementor-element elementor-element-09237e2 elementor-widget elementor-widget-heading\" data-id=\"09237e2\" data-element_type=\"widget\" data-e-type=\"widget\" data-widget_type=\"heading.default\">\n\t\t\t\t<div class=\"elementor-widget-container\">\n\t\t\t\t\t<h2 class=\"elementor-heading-title elementor-size-default\">Szkolenie motorowodne po zdanym egzaminie na Sternika Motorowodnego?  <\/h2>\t\t\t\t<\/div>\n\t\t\t\t<\/div>\n\t\t\t\t<div class=\"elementor-element elementor-element-5314b3f elementor-widget elementor-widget-text-editor\" data-id=\"5314b3f\" data-element_type=\"widget\" data-e-type=\"widget\" data-widget_type=\"text-editor.default\">\n\t\t\t\t<div class=\"elementor-widget-container\">\n\t\t\t\t\t\t\t\t\t<p>Na tym kursie utrwalisz i rozszerzysz nabyte umiej\u0119tno\u015bci bez potrzebnego stresu egzaminacyjnego.<\/p><p>Przypomnimy zasady manewrowania jachtem motorowodnym, odb\u0119dziemy ca\u0142\u0105 procedur\u0119 wyj\u015bcia- wej\u015bcia do portu, wprowadzenie jachtu w \u017ceglug\u0119 \u015blizgow\u0105 i wytracenie pr\u0119dko\u015bci oraz sposoby cumowania a longside, ruf\u0105, stawanie na kotwicy<\/p>\t\t\t\t\t\t\t\t<\/div>\n\t\t\t\t<\/div>\n\t\t\t\t<div class=\"elementor-element elementor-element-0018fc5 elementor-headline--style-highlight elementor-widget elementor-widget-animated-headline\" data-id=\"0018fc5\" data-element_type=\"widget\" data-e-type=\"widget\" data-settings=\"{&quot;marker&quot;:&quot;curly&quot;,&quot;highlighted_text&quot;:&quot;Dwie godziny zegarowe&quot;,&quot;headline_style&quot;:&quot;highlight&quot;,&quot;highlight_animation_duration&quot;:1200}\" data-widget_type=\"animated-headline.default\">\n\t\t\t\t<div class=\"elementor-widget-container\">\n\t\t\t\t\t\t\t<h3 class=\"elementor-headline\">\n\t\t\t\t<span class=\"elementor-headline-dynamic-wrapper elementor-headline-text-wrapper\">\n\t\t\t\t\t<span class=\"elementor-headline-dynamic-text elementor-headline-text-active\">Dwie godziny zegarowe<\/span>\n\t\t\t\t<\/span>\n\t\t\t\t\t<span class=\"elementor-headline-plain-text elementor-headline-text-wrapper\">intensywnego p\u0142ywania<\/span>\n\t\t\t\t\t<\/h3>\n\t\t\t\t\t\t<\/div>\n\t\t\t\t<\/div>\n\t\t\t\t<div class=\"elementor-element elementor-element-fc0f014 elementor-position-right elementor-vertical-align-middle elementor-widget elementor-widget-image-box\" data-id=\"fc0f014\" data-element_type=\"widget\" data-e-type=\"widget\" data-widget_type=\"image-box.default\">\n\t\t\t\t<div class=\"elementor-widget-container\">\n\t\t\t\t\t<div class=\"elementor-image-box-wrapper\"><figure class=\"elementor-image-box-img\"><img fetchpriority=\"high\" decoding=\"async\" width=\"1799\" height=\"1200\" src=\"https:\/\/klubzeglarski.sopot.pl\/kursy\/wp-content\/uploads\/akademia-zeglarstwa-prestige-144.jpg\" class=\"attachment-full size-full wp-image-2145\" alt=\"\" srcset=\"https:\/\/klubzeglarski.sopot.pl\/kursy\/wp-content\/uploads\/akademia-zeglarstwa-prestige-144.jpg 1799w, https:\/\/klubzeglarski.sopot.pl\/kursy\/wp-content\/uploads\/akademia-zeglarstwa-prestige-144-300x200.jpg 300w, https:\/\/klubzeglarski.sopot.pl\/kursy\/wp-content\/uploads\/akademia-zeglarstwa-prestige-144-1024x683.jpg 1024w, https:\/\/klubzeglarski.sopot.pl\/kursy\/wp-content\/uploads\/akademia-zeglarstwa-prestige-144-768x512.jpg 768w, https:\/\/klubzeglarski.sopot.pl\/kursy\/wp-content\/uploads\/akademia-zeglarstwa-prestige-144-1536x1025.jpg 1536w, https:\/\/klubzeglarski.sopot.pl\/kursy\/wp-content\/uploads\/akademia-zeglarstwa-prestige-144-600x400.jpg 600w\" sizes=\"(max-width: 1799px) 100vw, 1799px\" \/><\/figure><div class=\"elementor-image-box-content\"><h3 class=\"elementor-image-box-title\">Na czym szkolimy?<\/h3><p class=\"elementor-image-box-description\">Nasze jednostki to \u0142odzie motorowe typu RIB (Rigid Inflatable Boat) czyli twarde \u0142odzie pneumatyczne kt\u00f3re poprzez swoj\u0105 budow\u0119 posiadaj\u0105 du\u017c\u0105 dzielno\u015b\u0107 morsk\u0105. Stworzone do szybkiej jazdy na falach.   \n<br \/>               \n\nTwarde \u0142odzie pneumatyczne RIB to jednostki laminatowe, kt\u00f3re maj\u0105 burty zabezpieczone pneumatycznymi tubami. S\u0105 bardzo stabilne, odporne na uszkodzenia. \n<br \/>          \n\u0141odzie wykorzystywane by\u0142y s\u0142u\u017cby ratunkowe, WOPR, policj\u0119 i wojsko. \n                                       <\/p><\/div><\/div>\t\t\t\t<\/div>\n\t\t\t\t<\/div>\n\t\t\t\t\t<\/div>\n\t\t\t\t<\/div>\n\t\t\t\t<\/div>\n\t\t","protected":false},"excerpt":{"rendered":"<p>Kurs dla motorowodniak\u00f3w, kt\u00f3rzy chc\u0105 poczu\u0107 si\u0119 pewnie.<\/p>\n","protected":false},"featured_media":2045,"template":"","meta":[],"product_brand":[],"product_cat":[64],"product_tag":[],"class_list":{"0":"post-2042","1":"product","2":"type-product","3":"status-publish","4":"has-post-thumbnail","6":"product_cat-kursy-motorowodne","8":"first","9":"outofstock","10":"virtual","11":"purchasable","12":"product-type-simple"},"acf":[],"yoast_head":"<!-- This site is optimized with the Yoast SEO plugin v27.2 - https:\/\/yoast.com\/product\/yoast-seo-wordpress\/ -->\n<title>Kursy doszkalaj\u0105ce - Akademia \u017beglarstwa Prestige<\/title>\n<meta name=\"robots\" content=\"index, follow, max-snippet:-1, max-image-preview:large, max-video-preview:-1\" \/>\n<link rel=\"canonical\" href=\"https:\/\/klubzeglarski.sopot.pl\/kursy\/oferta\/kursy-motorowodne\/kursy-doszkalajace\/\" \/>\n<meta property=\"og:locale\" content=\"pl_PL\" \/>\n<meta property=\"og:type\" content=\"article\" \/>\n<meta property=\"og:title\" content=\"Kursy doszkalaj\u0105ce - Akademia \u017beglarstwa Prestige\" \/>\n<meta property=\"og:description\" content=\"Kurs dla motorowodniak\u00f3w, kt\u00f3rzy chc\u0105 poczu\u0107 si\u0119 pewnie.\" \/>\n<meta property=\"og:url\" content=\"https:\/\/klubzeglarski.sopot.pl\/kursy\/oferta\/kursy-motorowodne\/kursy-doszkalajace\/\" \/>\n<meta property=\"og:site_name\" content=\"Akademia \u017beglarstwa Prestige\" \/>\n<meta property=\"article:publisher\" content=\"https:\/\/pl-pl.facebook.com\/akademiaprestige\/\" \/>\n<meta property=\"article:modified_time\" content=\"2025-03-06T10:51:23+00:00\" \/>\n<meta property=\"og:image\" content=\"https:\/\/klubzeglarski.sopot.pl\/kursy\/wp-content\/uploads\/akademia-zeglarstwa-prestige-140.jpg\" \/>\n\t<meta property=\"og:image:width\" content=\"1799\" \/>\n\t<meta property=\"og:image:height\" content=\"1200\" \/>\n\t<meta property=\"og:image:type\" content=\"image\/jpeg\" \/>\n<meta name=\"twitter:card\" content=\"summary_large_image\" \/>\n<script type=\"application\/ld+json\" class=\"yoast-schema-graph\">{\"@context\":\"https:\/\/schema.org\",\"@graph\":[{\"@type\":\"WebPage\",\"@id\":\"https:\/\/klubzeglarski.sopot.pl\/kursy\/oferta\/kursy-motorowodne\/kursy-doszkalajace\/\",\"url\":\"https:\/\/klubzeglarski.sopot.pl\/kursy\/oferta\/kursy-motorowodne\/kursy-doszkalajace\/\",\"name\":\"Kursy doszkalaj\u0105ce - Akademia \u017beglarstwa Prestige\",\"isPartOf\":{\"@id\":\"https:\/\/klubzeglarski.sopot.pl\/kursy\/#website\"},\"primaryImageOfPage\":{\"@id\":\"https:\/\/klubzeglarski.sopot.pl\/kursy\/oferta\/kursy-motorowodne\/kursy-doszkalajace\/#primaryimage\"},\"image\":{\"@id\":\"https:\/\/klubzeglarski.sopot.pl\/kursy\/oferta\/kursy-motorowodne\/kursy-doszkalajace\/#primaryimage\"},\"thumbnailUrl\":\"https:\/\/klubzeglarski.sopot.pl\/kursy\/wp-content\/uploads\/akademia-zeglarstwa-prestige-140.jpg\",\"datePublished\":\"2023-02-02T12:07:56+00:00\",\"dateModified\":\"2025-03-06T10:51:23+00:00\",\"breadcrumb\":{\"@id\":\"https:\/\/klubzeglarski.sopot.pl\/kursy\/oferta\/kursy-motorowodne\/kursy-doszkalajace\/#breadcrumb\"},\"inLanguage\":\"pl-PL\",\"potentialAction\":[{\"@type\":\"ReadAction\",\"target\":[\"https:\/\/klubzeglarski.sopot.pl\/kursy\/oferta\/kursy-motorowodne\/kursy-doszkalajace\/\"]}]},{\"@type\":\"ImageObject\",\"inLanguage\":\"pl-PL\",\"@id\":\"https:\/\/klubzeglarski.sopot.pl\/kursy\/oferta\/kursy-motorowodne\/kursy-doszkalajace\/#primaryimage\",\"url\":\"https:\/\/klubzeglarski.sopot.pl\/kursy\/wp-content\/uploads\/akademia-zeglarstwa-prestige-140.jpg\",\"contentUrl\":\"https:\/\/klubzeglarski.sopot.pl\/kursy\/wp-content\/uploads\/akademia-zeglarstwa-prestige-140.jpg\",\"width\":1799,\"height\":1200},{\"@type\":\"BreadcrumbList\",\"@id\":\"https:\/\/klubzeglarski.sopot.pl\/kursy\/oferta\/kursy-motorowodne\/kursy-doszkalajace\/#breadcrumb\",\"itemListElement\":[{\"@type\":\"ListItem\",\"position\":1,\"name\":\"Oferta\",\"item\":\"https:\/\/klubzeglarski.sopot.pl\/kursy\/?page_id=5\"},{\"@type\":\"ListItem\",\"position\":2,\"name\":\"Kursy doszkalaj\u0105ce\"}]},{\"@type\":\"WebSite\",\"@id\":\"https:\/\/klubzeglarski.sopot.pl\/kursy\/#website\",\"url\":\"https:\/\/klubzeglarski.sopot.pl\/kursy\/\",\"name\":\"Klub \u017ceglarski - Akademia \u017beglarstwa PRESTIGE\",\"description\":\"Szko\u0142a \u017cycia, ku\u017ania charakter\u00f3w, droga do mistrzostwa...\",\"publisher\":{\"@id\":\"https:\/\/klubzeglarski.sopot.pl\/kursy\/#organization\"},\"potentialAction\":[{\"@type\":\"SearchAction\",\"target\":{\"@type\":\"EntryPoint\",\"urlTemplate\":\"https:\/\/klubzeglarski.sopot.pl\/kursy\/?s={search_term_string}\"},\"query-input\":{\"@type\":\"PropertyValueSpecification\",\"valueRequired\":true,\"valueName\":\"search_term_string\"}}],\"inLanguage\":\"pl-PL\"},{\"@type\":\"Organization\",\"@id\":\"https:\/\/klubzeglarski.sopot.pl\/kursy\/#organization\",\"name\":\"Klub \u017ceglarski - Akademia \u017beglarstwa PRESTIGE\",\"url\":\"https:\/\/klubzeglarski.sopot.pl\/kursy\/\",\"logo\":{\"@type\":\"ImageObject\",\"inLanguage\":\"pl-PL\",\"@id\":\"https:\/\/klubzeglarski.sopot.pl\/kursy\/#\/schema\/logo\/image\/\",\"url\":\"https:\/\/klubzeglarski.sopot.pl\/kursy\/wp-content\/uploads\/logo-akademia-2.svg\",\"contentUrl\":\"https:\/\/klubzeglarski.sopot.pl\/kursy\/wp-content\/uploads\/logo-akademia-2.svg\",\"width\":600,\"height\":160,\"caption\":\"Klub \u017ceglarski - Akademia \u017beglarstwa PRESTIGE\"},\"image\":{\"@id\":\"https:\/\/klubzeglarski.sopot.pl\/kursy\/#\/schema\/logo\/image\/\"},\"sameAs\":[\"https:\/\/pl-pl.facebook.com\/akademiaprestige\/\",\"https:\/\/www.youtube.com\/channel\/UCs00zIjWst990Qt8ogfkidQ\",\"https:\/\/www.instagram.com\/akademia_prestige\/\"]}]}<\/script>\n<!-- \/ Yoast SEO plugin. -->","yoast_head_json":{"title":"Kursy doszkalaj\u0105ce - Akademia \u017beglarstwa Prestige","robots":{"index":"index","follow":"follow","max-snippet":"max-snippet:-1","max-image-preview":"max-image-preview:large","max-video-preview":"max-video-preview:-1"},"canonical":"https:\/\/klubzeglarski.sopot.pl\/kursy\/oferta\/kursy-motorowodne\/kursy-doszkalajace\/","og_locale":"pl_PL","og_type":"article","og_title":"Kursy doszkalaj\u0105ce - Akademia \u017beglarstwa Prestige","og_description":"Kurs dla motorowodniak\u00f3w, kt\u00f3rzy chc\u0105 poczu\u0107 si\u0119 pewnie.","og_url":"https:\/\/klubzeglarski.sopot.pl\/kursy\/oferta\/kursy-motorowodne\/kursy-doszkalajace\/","og_site_name":"Akademia \u017beglarstwa Prestige","article_publisher":"https:\/\/pl-pl.facebook.com\/akademiaprestige\/","article_modified_time":"2025-03-06T10:51:23+00:00","og_image":[{"width":1799,"height":1200,"url":"https:\/\/klubzeglarski.sopot.pl\/kursy\/wp-content\/uploads\/akademia-zeglarstwa-prestige-140.jpg","type":"image\/jpeg"}],"twitter_card":"summary_large_image","schema":{"@context":"https:\/\/schema.org","@graph":[{"@type":"WebPage","@id":"https:\/\/klubzeglarski.sopot.pl\/kursy\/oferta\/kursy-motorowodne\/kursy-doszkalajace\/","url":"https:\/\/klubzeglarski.sopot.pl\/kursy\/oferta\/kursy-motorowodne\/kursy-doszkalajace\/","name":"Kursy doszkalaj\u0105ce - Akademia \u017beglarstwa Prestige","isPartOf":{"@id":"https:\/\/klubzeglarski.sopot.pl\/kursy\/#website"},"primaryImageOfPage":{"@id":"https:\/\/klubzeglarski.sopot.pl\/kursy\/oferta\/kursy-motorowodne\/kursy-doszkalajace\/#primaryimage"},"image":{"@id":"https:\/\/klubzeglarski.sopot.pl\/kursy\/oferta\/kursy-motorowodne\/kursy-doszkalajace\/#primaryimage"},"thumbnailUrl":"https:\/\/klubzeglarski.sopot.pl\/kursy\/wp-content\/uploads\/akademia-zeglarstwa-prestige-140.jpg","datePublished":"2023-02-02T12:07:56+00:00","dateModified":"2025-03-06T10:51:23+00:00","breadcrumb":{"@id":"https:\/\/klubzeglarski.sopot.pl\/kursy\/oferta\/kursy-motorowodne\/kursy-doszkalajace\/#breadcrumb"},"inLanguage":"pl-PL","potentialAction":[{"@type":"ReadAction","target":["https:\/\/klubzeglarski.sopot.pl\/kursy\/oferta\/kursy-motorowodne\/kursy-doszkalajace\/"]}]},{"@type":"ImageObject","inLanguage":"pl-PL","@id":"https:\/\/klubzeglarski.sopot.pl\/kursy\/oferta\/kursy-motorowodne\/kursy-doszkalajace\/#primaryimage","url":"https:\/\/klubzeglarski.sopot.pl\/kursy\/wp-content\/uploads\/akademia-zeglarstwa-prestige-140.jpg","contentUrl":"https:\/\/klubzeglarski.sopot.pl\/kursy\/wp-content\/uploads\/akademia-zeglarstwa-prestige-140.jpg","width":1799,"height":1200},{"@type":"BreadcrumbList","@id":"https:\/\/klubzeglarski.sopot.pl\/kursy\/oferta\/kursy-motorowodne\/kursy-doszkalajace\/#breadcrumb","itemListElement":[{"@type":"ListItem","position":1,"name":"Oferta","item":"https:\/\/klubzeglarski.sopot.pl\/kursy\/?page_id=5"},{"@type":"ListItem","position":2,"name":"Kursy doszkalaj\u0105ce"}]},{"@type":"WebSite","@id":"https:\/\/klubzeglarski.sopot.pl\/kursy\/#website","url":"https:\/\/klubzeglarski.sopot.pl\/kursy\/","name":"Klub \u017ceglarski - Akademia \u017beglarstwa PRESTIGE","description":"Szko\u0142a \u017cycia, ku\u017ania charakter\u00f3w, droga do mistrzostwa...","publisher":{"@id":"https:\/\/klubzeglarski.sopot.pl\/kursy\/#organization"},"potentialAction":[{"@type":"SearchAction","target":{"@type":"EntryPoint","urlTemplate":"https:\/\/klubzeglarski.sopot.pl\/kursy\/?s={search_term_string}"},"query-input":{"@type":"PropertyValueSpecification","valueRequired":true,"valueName":"search_term_string"}}],"inLanguage":"pl-PL"},{"@type":"Organization","@id":"https:\/\/klubzeglarski.sopot.pl\/kursy\/#organization","name":"Klub \u017ceglarski - Akademia \u017beglarstwa PRESTIGE","url":"https:\/\/klubzeglarski.sopot.pl\/kursy\/","logo":{"@type":"ImageObject","inLanguage":"pl-PL","@id":"https:\/\/klubzeglarski.sopot.pl\/kursy\/#\/schema\/logo\/image\/","url":"https:\/\/klubzeglarski.sopot.pl\/kursy\/wp-content\/uploads\/logo-akademia-2.svg","contentUrl":"https:\/\/klubzeglarski.sopot.pl\/kursy\/wp-content\/uploads\/logo-akademia-2.svg","width":600,"height":160,"caption":"Klub \u017ceglarski - Akademia \u017beglarstwa PRESTIGE"},"image":{"@id":"https:\/\/klubzeglarski.sopot.pl\/kursy\/#\/schema\/logo\/image\/"},"sameAs":["https:\/\/pl-pl.facebook.com\/akademiaprestige\/","https:\/\/www.youtube.com\/channel\/UCs00zIjWst990Qt8ogfkidQ","https:\/\/www.instagram.com\/akademia_prestige\/"]}]}},"_links":{"self":[{"href":"https:\/\/klubzeglarski.sopot.pl\/kursy\/wp-json\/wp\/v2\/product\/2042","targetHints":{"allow":["GET"]}}],"collection":[{"href":"https:\/\/klubzeglarski.sopot.pl\/kursy\/wp-json\/wp\/v2\/product"}],"about":[{"href":"https:\/\/klubzeglarski.sopot.pl\/kursy\/wp-json\/wp\/v2\/types\/product"}],"version-history":[{"count":0,"href":"https:\/\/klubzeglarski.sopot.pl\/kursy\/wp-json\/wp\/v2\/product\/2042\/revisions"}],"wp:featuredmedia":[{"embeddable":true,"href":"https:\/\/klubzeglarski.sopot.pl\/kursy\/wp-json\/wp\/v2\/media\/2045"}],"wp:attachment":[{"href":"https:\/\/klubzeglarski.sopot.pl\/kursy\/wp-json\/wp\/v2\/media?parent=2042"}],"wp:term":[{"taxonomy":"product_brand","embeddable":true,"href":"https:\/\/klubzeglarski.sopot.pl\/kursy\/wp-json\/wp\/v2\/product_brand?post=2042"},{"taxonomy":"product_cat","embeddable":true,"href":"https:\/\/klubzeglarski.sopot.pl\/kursy\/wp-json\/wp\/v2\/product_cat?post=2042"},{"taxonomy":"product_tag","embeddable":true,"href":"https:\/\/klubzeglarski.sopot.pl\/kursy\/wp-json\/wp\/v2\/product_tag?post=2042"}],"curies":[{"name":"wp","href":"https:\/\/api.w.org\/{rel}","templated":true}]}}